{"id":47,"date":"2017-12-25T21:14:39","date_gmt":"2017-12-25T19:14:39","guid":{"rendered":"http:\/\/www.szentandrasiskola.ro\/?page_id=47"},"modified":"2022-12-04T17:41:36","modified_gmt":"2022-12-04T15:41:36","slug":"prezentare","status":"publish","type":"page","link":"https:\/\/www.scoalasfantulandrei.ro\/","title":{"rendered":"Prezentare"},"content":{"rendered":"<p>\u0218coala de Evanghelizare Sf\u00e2ntul Andrei a fost \u00eenfiin\u021bat\u0103 de Dumnezeu pentru a acoperi lipsa \u00eent\u00e2lnit\u0103 \u00een evanghelizare.<\/p>\n<p>Biserica, continu\u00e2nd misiunea lui Cristos, este menit\u0103 s\u0103 vesteasc\u0103 Evanghelia chiar \u0219i ast\u0103zi, \u00een &nbsp;mileniul al treilea ( \u00een \u00eentreaga lume,&nbsp; inclusiv Europa). \u00cens\u0103 din p\u0103cate \u2026 nu sunt destui oameni care sunt forma\u021bi pentru aceasta.<\/p>\n<p>Biserica are mul\u021bi preo\u021bi, teologi, catehe\u021bi, profesori de religie, dar duce lips\u0103 de evanghelizatori.<\/p>\n<p><strong>Acesta este motivul pentru care Dumnezeu a \u00eenfiin\u021bat aceast\u0103 \u0219coal\u0103: ca s\u0103 formeze evanghelizatori kerigmatici pentru evanghelizarea&nbsp; nou\u0103 a Bisericii Catolice.<\/strong><\/p>\n","protected":false},"excerpt":{"rendered":"<p>\u0218coala de Evanghelizare Sf\u00e2ntul Andrei a fost \u00eenfiin\u021bat\u0103 de Dumnezeu pentru a acoperi lipsa \u00eent\u00e2lnit\u0103 \u00een evanghelizare. Biserica, continu\u00e2nd misiunea lui Cristos, este menit\u0103 s\u0103 vesteasc\u0103 Evanghelia chiar \u0219i ast\u0103zi, \u00een &nbsp;mileniul al treilea ( \u00een \u00eentreaga lume,&nbsp; inclusiv Europa). \u00cens\u0103 din p\u0103cate \u2026 nu sunt destui oameni care sunt forma\u021bi pentru aceasta. Biserica are &hellip; <\/p>\n<p class=\"link-more\"><a href=\"https:\/\/www.scoalasfantulandrei.ro\/\" class=\"more-link\">Continu\u0103 lectura<span class=\"screen-reader-text\"> &#8222;Prezentare&#8221;<\/span><\/a><\/p>\n","protected":false},"author":1,"featured_media":0,"parent":0,"menu_order":0,"comment_status":"closed","ping_status":"closed","template":"","meta":{"footnotes":""},"class_list":["post-47","page","type-page","status-publish","hentry"],"_links":{"self":[{"href":"https:\/\/www.scoalasfantulandrei.ro\/index.php\/wp-json\/wp\/v2\/pages\/47","targetHints":{"allow":["GET"]}}],"collection":[{"href":"https:\/\/www.scoalasfantulandrei.ro\/index.php\/wp-json\/wp\/v2\/pages"}],"about":[{"href":"https:\/\/www.scoalasfantulandrei.ro\/index.php\/wp-json\/wp\/v2\/types\/page"}],"author":[{"embeddable":true,"href":"https:\/\/www.scoalasfantulandrei.ro\/index.php\/wp-json\/wp\/v2\/users\/1"}],"replies":[{"embeddable":true,"href":"https:\/\/www.scoalasfantulandrei.ro\/index.php\/wp-json\/wp\/v2\/comments?post=47"}],"version-history":[{"count":13,"href":"https:\/\/www.scoalasfantulandrei.ro\/index.php\/wp-json\/wp\/v2\/pages\/47\/revisions"}],"predecessor-version":[{"id":7874,"href":"https:\/\/www.scoalasfantulandrei.ro\/index.php\/wp-json\/wp\/v2\/pages\/47\/revisions\/7874"}],"wp:attachment":[{"href":"https:\/\/www.scoalasfantulandrei.ro\/index.php\/wp-json\/wp\/v2\/media?parent=47"}],"curies":[{"name":"wp","href":"https:\/\/api.w.org\/{rel}","templated":true}]}}